{"id":442,"date":"2025-01-22T13:38:19","date_gmt":"2025-01-22T13:38:19","guid":{"rendered":"https:\/\/hortensfestivalen.no\/buffalosoldiers\/?page_id=442"},"modified":"2025-06-17T07:35:30","modified_gmt":"2025-06-17T07:35:30","slug":"buffalo-redninga-2025","status":"publish","type":"page","link":"https:\/\/hortensfestivalen.no\/buffalosoldiers\/buffalo-redninga-2025\/","title":{"rendered":"BUFFALO &#8211; REDNINGA 2025"},"content":{"rendered":"\n<figure class=\"wp-block-image alignwide size-large\"><img loading=\"lazy\" decoding=\"async\" width=\"1024\" height=\"576\" src=\"https:\/\/hortensfestivalen.no\/buffalosoldiers\/wp-content\/uploads\/sites\/6\/2025\/01\/Redninga-HoFest-50-ar-1920x1080-1-1024x576.jpg\" alt=\"\" class=\"wp-image-445\" srcset=\"https:\/\/hortensfestivalen.no\/buffalosoldiers\/wp-content\/uploads\/sites\/6\/2025\/01\/Redninga-HoFest-50-ar-1920x1080-1-1024x576.jpg 1024w, https:\/\/hortensfestivalen.no\/buffalosoldiers\/wp-content\/uploads\/sites\/6\/2025\/01\/Redninga-HoFest-50-ar-1920x1080-1-300x169.jpg 300w, https:\/\/hortensfestivalen.no\/buffalosoldiers\/wp-content\/uploads\/sites\/6\/2025\/01\/Redninga-HoFest-50-ar-1920x1080-1-768x432.jpg 768w, https:\/\/hortensfestivalen.no\/buffalosoldiers\/wp-content\/uploads\/sites\/6\/2025\/01\/Redninga-HoFest-50-ar-1920x1080-1-1536x864.jpg 1536w, https:\/\/hortensfestivalen.no\/buffalosoldiers\/wp-content\/uploads\/sites\/6\/2025\/01\/Redninga-HoFest-50-ar-1920x1080-1.jpg 1920w\" sizes=\"auto, (max-width: 1024px) 100vw, 1024px\" \/><\/figure>\n\n\n\n<h2 class=\"wp-block-heading alignwide has-text-align-center has-custom-color-4-color has-text-color has-link-color has-xx-large-font-size wp-elements-194805074bf1a2dac13cd17e2744d0c6\">HORTENSFESTIVALEN 50 \u00c5R   1975 &#8211; 2025<\/h2>\n\n\n\n<p class=\"has-text-align-center has-custom-color-4-color has-text-color has-link-color has-x-large-font-size wp-elements-1170093c7c63b356403cb98991664c92\"><strong>Fredag 27. og l\u00f8rdag 28. juni 2025 kl 18:00<\/strong><\/p>\n\n\n\n<div class=\"wp-block-columns alignwide is-layout-flex wp-container-core-columns-is-layout-1 wp-block-columns-is-layout-flex\">\n<div class=\"wp-block-column is-layout-flow wp-block-column-is-layout-flow\">\n<p>I fjor h\u00f8stet Buffalosoldatene stor suksess og stormende jubel med &nbsp;svingende reggae i en helt utsolgt konsert i teltet p\u00e5 Redninga. I \u00e5r blir det over 2 dager. Fredag 27. og l\u00f8rdag 28 .juni.<\/p>\n\n\n\n<p>P\u00e5 sommerens jubileumskonsert for \u201cHortensfestivalen 50 \u00e5r\u201d f\u00e5r de i \u00e5r bes\u00f8k av \u201cSlim Young Band\u201d. Et etterhvert meget popul\u00e6rt band som virkelig kan sin Niel Young.&nbsp;<\/p>\n<\/div>\n\n\n\n<div class=\"wp-block-column is-layout-flow wp-block-column-is-layout-flow\">\n<p>De blir 2 lange minneverdige konserter hver kveld. 15 glade musikanter gleder seg til fine sommerkvelder p\u00e5 Redninga.<\/p>\n\n\n\n<p><strong>OBS!<\/strong><br>Vi har flyttet konsertertider begge dager fra 19:00 til 18:00 da det ser ut til at det ogs\u00e5 stiller et band fra Hortensfestivalens f\u00f8rste dag &#8211; <br>&#8211; s\u00f8ndag 5. juli 1975. <br><strong>Dette blir bra!<\/strong><\/p>\n<\/div>\n<\/div>\n\n\n\n<div class=\"wp-block-columns alignwide is-layout-flex wp-container-core-columns-is-layout-2 wp-block-columns-is-layout-flex\">\n<div class=\"wp-block-column is-layout-flow wp-block-column-is-layout-flow\">\n<figure class=\"wp-block-image size-large\"><a href=\"https:\/\/hortensfestivalen.no\/buffalosoldiers\/wp-content\/uploads\/sites\/6\/2025\/01\/Buffalo-Soldiers-Promo-2.jpg\"><img loading=\"lazy\" decoding=\"async\" width=\"1024\" height=\"576\" src=\"https:\/\/hortensfestivalen.no\/buffalosoldiers\/wp-content\/uploads\/sites\/6\/2025\/01\/Buffalo-Soldiers-Promo-2-1024x576.jpg\" alt=\"\" class=\"wp-image-453\" srcset=\"https:\/\/hortensfestivalen.no\/buffalosoldiers\/wp-content\/uploads\/sites\/6\/2025\/01\/Buffalo-Soldiers-Promo-2-1024x576.jpg 1024w, https:\/\/hortensfestivalen.no\/buffalosoldiers\/wp-content\/uploads\/sites\/6\/2025\/01\/Buffalo-Soldiers-Promo-2-300x169.jpg 300w, https:\/\/hortensfestivalen.no\/buffalosoldiers\/wp-content\/uploads\/sites\/6\/2025\/01\/Buffalo-Soldiers-Promo-2-768x432.jpg 768w, https:\/\/hortensfestivalen.no\/buffalosoldiers\/wp-content\/uploads\/sites\/6\/2025\/01\/Buffalo-Soldiers-Promo-2-1536x864.jpg 1536w, https:\/\/hortensfestivalen.no\/buffalosoldiers\/wp-content\/uploads\/sites\/6\/2025\/01\/Buffalo-Soldiers-Promo-2.jpg 1920w\" sizes=\"auto, (max-width: 1024px) 100vw, 1024px\" \/><\/a><\/figure>\n<\/div>\n\n\n\n<div class=\"wp-block-column is-layout-flow wp-block-column-is-layout-flow\">\n<figure class=\"wp-block-image size-large\"><a href=\"https:\/\/hortensfestivalen.no\/buffalosoldiers\/wp-content\/uploads\/sites\/6\/2025\/01\/Slim-Young-Band-Promo.jpg\"><img loading=\"lazy\" decoding=\"async\" width=\"1024\" height=\"576\" src=\"https:\/\/hortensfestivalen.no\/buffalosoldiers\/wp-content\/uploads\/sites\/6\/2025\/01\/Slim-Young-Band-Promo-1024x576.jpg\" alt=\"\" class=\"wp-image-454\" srcset=\"https:\/\/hortensfestivalen.no\/buffalosoldiers\/wp-content\/uploads\/sites\/6\/2025\/01\/Slim-Young-Band-Promo-1024x576.jpg 1024w, https:\/\/hortensfestivalen.no\/buffalosoldiers\/wp-content\/uploads\/sites\/6\/2025\/01\/Slim-Young-Band-Promo-300x169.jpg 300w, https:\/\/hortensfestivalen.no\/buffalosoldiers\/wp-content\/uploads\/sites\/6\/2025\/01\/Slim-Young-Band-Promo-768x432.jpg 768w, https:\/\/hortensfestivalen.no\/buffalosoldiers\/wp-content\/uploads\/sites\/6\/2025\/01\/Slim-Young-Band-Promo-1536x864.jpg 1536w, https:\/\/hortensfestivalen.no\/buffalosoldiers\/wp-content\/uploads\/sites\/6\/2025\/01\/Slim-Young-Band-Promo.jpg 1920w\" sizes=\"auto, (max-width: 1024px) 100vw, 1024px\" \/><\/a><\/figure>\n<\/div>\n<\/div>\n\n\n\n<div class=\"wp-block-columns alignwide is-layout-flex wp-container-core-columns-is-layout-3 wp-block-columns-is-layout-flex\">\n<div class=\"wp-block-column is-layout-flow wp-block-column-is-layout-flow\">\n<p><strong>BUFFALO SOLDIERS<\/strong><br>&nbsp;er et reggaeband fra Horten best\u00e5ende av folk som arrangerte Hortensfestivalen og Roserock i perioden 1975 til 2010. <br>Bandet ble startet som et prosjekt i 2022.<\/p>\n\n\n\n<p><strong>Prosjekt \u2013 \u201cREGGAE 2024 \u2013 2025\u201d.<\/strong><br><strong>\u201c\u00c5 spille Reggae Music i Horten 20 \u00e5r etter The Wailers p\u00e5 Roserock 24. juli 2004.<br>P\u00e5 Hortensfestivalens 50-\u00e5rs jubileum 5. juli 2025.\u201d<\/strong><br>Bandet spiller i hovedsak musikk av Bob Marley samt Peter Tosh og Peps Blodsband.<br><br><strong>Buffalo Soldiers<\/strong>&nbsp;sommeren 2025 er:<br>Wictor Leonard Faanes \u2013 Gitar<br>Espen \u00d8ystein Harbek \u2013 Bassgitar<br>Kaare Johan Holm \u2013 Trommer<br>Helge Preus \u2013 Keyboard<br>Ole-Morten Ruud \u2013 Keyboards, Vokal<br>Knut Eide \u2013 Vokal, gitar<br>Trond Markvard Bjertnes \u2013 Tenor-\/Baryton Sax, Tinnfl\u00f8yte<br>Anita Solvik \u2013 Kor<br>Raymond Johnsen \u2013 Kor<br>Helge Skatvedt \u2013 Kor<\/p>\n<\/div>\n\n\n\n<div class=\"wp-block-column is-layout-flow wp-block-column-is-layout-flow\">\n<div style=\"height:100px\" aria-hidden=\"true\" class=\"wp-block-spacer\"><\/div>\n\n\n\n<figure class=\"wp-block-image size-large\"><a href=\"https:\/\/redninga.ticketco.events\/no\/nb\/e\/buffalo_soldiers__jubilee_reggae_band_feirer__hortensfestivalen_50_aar\" target=\"_blank\" rel=\"redninga ticketco\"><img loading=\"lazy\" decoding=\"async\" width=\"1024\" height=\"1024\" src=\"https:\/\/hortensfestivalen.no\/buffalosoldiers\/wp-content\/uploads\/sites\/6\/2025\/01\/Hortensfestivalen-50-ar-Label-1024x1024.png\" alt=\"\" class=\"wp-image-456\" srcset=\"https:\/\/hortensfestivalen.no\/buffalosoldiers\/wp-content\/uploads\/sites\/6\/2025\/01\/Hortensfestivalen-50-ar-Label-1024x1024.png 1024w, https:\/\/hortensfestivalen.no\/buffalosoldiers\/wp-content\/uploads\/sites\/6\/2025\/01\/Hortensfestivalen-50-ar-Label-300x300.png 300w, https:\/\/hortensfestivalen.no\/buffalosoldiers\/wp-content\/uploads\/sites\/6\/2025\/01\/Hortensfestivalen-50-ar-Label-150x150.png 150w, https:\/\/hortensfestivalen.no\/buffalosoldiers\/wp-content\/uploads\/sites\/6\/2025\/01\/Hortensfestivalen-50-ar-Label-768x768.png 768w, https:\/\/hortensfestivalen.no\/buffalosoldiers\/wp-content\/uploads\/sites\/6\/2025\/01\/Hortensfestivalen-50-ar-Label-1536x1536.png 1536w, https:\/\/hortensfestivalen.no\/buffalosoldiers\/wp-content\/uploads\/sites\/6\/2025\/01\/Hortensfestivalen-50-ar-Label-2048x2048.png 2048w\" sizes=\"auto, (max-width: 1024px) 100vw, 1024px\" \/><\/a><\/figure>\n\n\n\n<div style=\"height:43px\" aria-hidden=\"true\" class=\"wp-block-spacer\"><\/div>\n\n\n\n<h2 class=\"wp-block-heading has-text-align-center has-custom-color-4-color has-text-color has-link-color wp-elements-3377bc14d897e385b39474385e477306\"><strong><a href=\"https:\/\/redninga.ticketco.events\/no\/nb\/e\/buffalo_soldiers__jubilee_reggae_band_feirer__hortensfestivalen_50_aar\" data-type=\"link\" data-id=\"https:\/\/redninga.ticketco.events\/no\/nb\/e\/buffalo_soldiers__jubilee_reggae_band_feirer__hortensfestivalen_50_aar\" target=\"_blank\" rel=\"noreferrer noopener\">KJ\u00d8P BILLETTER TIL BUFFALO SOLDIERS <br>\u201cHORTENSFESTIVALEN <br>50 \u00c5R\u201d <br>P\u00c5 REDNINGA HER!<\/a><\/strong><\/h2>\n<\/div>\n\n\n\n<div class=\"wp-block-column is-layout-flow wp-block-column-is-layout-flow\">\n<p class=\"has-x-large-font-size\"><strong>En hyllest til Neil Young<\/strong><\/p>\n\n\n\n<p>Etter tidligere suksessfulle opptredener p\u00e5 Redninga Scene er The slim young Band invitert til \u00e5 delta p\u00e5 Redninga sitt arrangement: Hortensfestivalen 50 \u00e5r 1975 \u2013 2025<br>Fredag 27. og l\u00f8rdag 28. juni 2025<\/p>\n\n\n\n<p>Bandet spiller l\u00e5ter fra Neil Young sitt store arkiv og fremf\u00f8rer et vidt spekter av Young sine l\u00e5ter som strekker seg fra sekstitallet og frem til dag. De lover selvf\u00f8lgelig flere l\u00e5ter fra albumet Harvest, men mange andre klassikere fra Neil Young vil ogs\u00e5 dukke opp p\u00e5 repertoaret.&nbsp;<\/p>\n\n\n\n<p>The slim young Band best\u00e5r av musikere med lang fartstid i Hortens musikkmilj\u00f8 og f\u00f8lgende lokale band kan blant annet nevnes: Wazoo, Bivirkningene, RAM, Oss Fra Lidarende, Buffalo Soldiers og Backers Blaa.&nbsp;<\/p>\n\n\n\n<p>Eystein Moen: Gitar og sang<br>Espen Harbek: Gitar og sang<br>Terje Tollefsen: Bass og sang<br>Jan Backer: Trommer<\/p>\n<\/div>\n<\/div>\n\n\n\n<h2 class=\"wp-block-heading has-text-align-center\">BUFFALO SOLDIERS &#8211; VERVEN 2025<\/h2>\n\n\n\n<figure class=\"wp-block-image size-full\"><img loading=\"lazy\" decoding=\"async\" width=\"1024\" height=\"712\" src=\"https:\/\/hortensfestivalen.no\/buffalosoldiers\/wp-content\/uploads\/sites\/6\/2025\/06\/Buffalo-Soldiers-Vervenfestivalen-2025-Foto-Bjorn-Nilsen.jpg\" alt=\"\" class=\"wp-image-536\" srcset=\"https:\/\/hortensfestivalen.no\/buffalosoldiers\/wp-content\/uploads\/sites\/6\/2025\/06\/Buffalo-Soldiers-Vervenfestivalen-2025-Foto-Bjorn-Nilsen.jpg 1024w, https:\/\/hortensfestivalen.no\/buffalosoldiers\/wp-content\/uploads\/sites\/6\/2025\/06\/Buffalo-Soldiers-Vervenfestivalen-2025-Foto-Bjorn-Nilsen-300x209.jpg 300w, https:\/\/hortensfestivalen.no\/buffalosoldiers\/wp-content\/uploads\/sites\/6\/2025\/06\/Buffalo-Soldiers-Vervenfestivalen-2025-Foto-Bjorn-Nilsen-768x534.jpg 768w\" sizes=\"auto, (max-width: 1024px) 100vw, 1024px\" \/><figcaption class=\"wp-element-caption\">BUFFALO SOLDIERS p\u00e5 Vervenfestivalen 2025 Foto_ Bj\u00f8rn Nilsen<\/figcaption><\/figure>\n\n\n\n<p class=\"has-custom-color-5-background-color has-background has-large-font-size\">Bj\u00f8rn Nilsen skreiv dette p\u00e5 Facebook dagen etter Buffalo&#8217;s konsert p\u00e5 Vervenfestivalen 14. juni 2025. <br><br><strong>Verven var ganske g\u00f8y.<br>Mye folk, sommer &#8211; og ingen Teigen-toner, ikke som jeg h\u00f8rte i hvert fall!<br>Det er mange og h\u00f8yst varierte meninger om line-up&#8217;n p\u00e5 \u00e5rets Verven, men h\u00f8ydepunkter var det. De lokale Marley-rockerne for eksempel.<\/strong><br><br><strong>Gled dere til Buffalo Soldiers inntar havna om noen uker. Det var fargerike rytmer, tett og godt spill, nydelig sang (ogs\u00e5 p\u00e5 sk\u00e5nsk!) og sterke musikalske prestasjoner i to klokketimer. Utf\u00f8rt av lokale folk.<br>Det var nesten som \u00e5 bli sendt 47 \u00e5r tilbake i tid. Til Lystlunden 1978.<\/strong><br><strong><br>Deilig musikk i sommervarmen mens fjorden der ute gynget sakte med.<\/strong><\/p>\n\n\n\n<p><strong>Her u-miksa Live-opptak fra Buffalo Soldiers konserten.<\/strong><\/p>\n\n\n\n<figure class=\"wp-block-audio\"><audio controls src=\"https:\/\/hortensfestivalen.no\/buffalosoldiers\/wp-content\/uploads\/sites\/6\/2025\/06\/16_i_shot_the_sheriff.mp3\"><\/audio><figcaption class=\"wp-element-caption\">Buffalo Soldiers &#8211; I Shot The Sheriff  &#8211; Vervenfestivalen 2025<\/figcaption><\/figure>\n","protected":false},"excerpt":{"rendered":"<p>HORTENSFESTIVALEN 50 \u00c5R 1975 &#8211; 2025 Fredag 27. og l\u00f8rdag 28. juni 2025 kl 18:00 I fjor h\u00f8stet Buffalosoldatene stor suksess og stormende jubel med &nbsp;svingende reggae i en helt utsolgt konsert i teltet p\u00e5 Redninga. I \u00e5r blir det over 2 dager. Fredag 27. og l\u00f8rdag 28 .juni. P\u00e5 sommerens jubileumskonsert for \u201cHortensfestivalen 50 [&hellip;]<\/p>\n","protected":false},"author":1,"featured_media":0,"parent":0,"menu_order":0,"comment_status":"closed","ping_status":"closed","template":"","meta":{"_seopress_robots_primary_cat":"","_seopress_titles_title":"","_seopress_titles_desc":"","_seopress_robots_index":"","footnotes":""},"class_list":["post-442","page","type-page","status-publish","hentry"],"_links":{"self":[{"href":"https:\/\/hortensfestivalen.no\/buffalosoldiers\/wp-json\/wp\/v2\/pages\/442","targetHints":{"allow":["GET"]}}],"collection":[{"href":"https:\/\/hortensfestivalen.no\/buffalosoldiers\/wp-json\/wp\/v2\/pages"}],"about":[{"href":"https:\/\/hortensfestivalen.no\/buffalosoldiers\/wp-json\/wp\/v2\/types\/page"}],"author":[{"embeddable":true,"href":"https:\/\/hortensfestivalen.no\/buffalosoldiers\/wp-json\/wp\/v2\/users\/1"}],"replies":[{"embeddable":true,"href":"https:\/\/hortensfestivalen.no\/buffalosoldiers\/wp-json\/wp\/v2\/comments?post=442"}],"version-history":[{"count":16,"href":"https:\/\/hortensfestivalen.no\/buffalosoldiers\/wp-json\/wp\/v2\/pages\/442\/revisions"}],"predecessor-version":[{"id":548,"href":"https:\/\/hortensfestivalen.no\/buffalosoldiers\/wp-json\/wp\/v2\/pages\/442\/revisions\/548"}],"wp:attachment":[{"href":"https:\/\/hortensfestivalen.no\/buffalosoldiers\/wp-json\/wp\/v2\/media?parent=442"}],"curies":[{"name":"wp","href":"https:\/\/api.w.org\/{rel}","templated":true}]}}